{"id":285,"date":"2018-04-04T23:40:32","date_gmt":"2018-04-04T23:40:32","guid":{"rendered":"http:\/\/www.uranostravel.com\/tr\/?page_id=285"},"modified":"2018-06-07T08:54:40","modified_gmt":"2018-06-07T08:54:40","slug":"activities","status":"publish","type":"page","link":"http:\/\/uranostravel.com\/en\/activities\/","title":{"rendered":"Activities"},"content":{"rendered":"<div class=\"wpb-content-wrapper\"><p>[vc_section full_width=&#8221;stretch_row&#8221;][vc_row full_width=&#8221;stretch_row_content&#8221; equal_height=&#8221;yes&#8221; content_placement=&#8221;middle&#8221; css=&#8221;.vc_custom_1522887076419{background-color: #ffffff !important;}&#8221;][vc_column width=&#8221;1\/4&#8243; css=&#8221;.vc_custom_1522943549568{background: #92d822 url(http:\/\/uranostravel.com\/en\/wp-content\/uploads\/2018\/04\/BALL-IN-A-HOLL.jpg?id=64) !important;background-position: center !important;background-repeat: no-repeat !important;background-size: cover !important;}&#8221;][vc_empty_space height=&#8221;232px&#8221;][\/vc_column][vc_column width=&#8221;3\/4&#8243;][vc_column_text]<\/p>\n<h6 style=\"text-align: center;\"><span class=\"light\">We not only aim to strive participants to gain high motivation and leadership through imposing \u201cbecome a one as a team\u201d and \u201clive and learn\u201d learning methods and game activities , but also exploring one\u2019s potential, strengths and increasing in &amp; outside of the fields.<br \/>\n<\/span><\/h6>\n<p>[\/vc_column_text][\/vc_column][\/vc_row][vc_row css=&#8221;.vc_custom_1522887055513{background-color: #ffffff !important;}&#8221;][vc_column width=&#8221;1\/2&#8243;][vc_single_image image=&#8221;66&#8243; img_size=&#8221;full&#8221;][vc_row_inner][vc_column_inner][vc_media_grid grid_id=&#8221;vc_gid:1528361299436-e395a9f2-330e-0&#8243; include=&#8221;490,489,488&#8243;][\/vc_column_inner][\/vc_row_inner][vc_separator][vc_column_text]<\/p>\n<h4>BALOON SOCCER<\/h4>\n<p>[\/vc_column_text][vc_separator][vc_column_text]Because of its nature, it is free to bump into each other and to foul in this game which is a fun activity both for players and the audience. Baloon Soccer is a feasable and a fun activity that can be performed at festivals, indoor and outdoor events, sports activities. [\/vc_column_text][\/vc_column][vc_column width=&#8221;1\/2&#8243;][vc_single_image image=&#8221;510&#8243; img_size=&#8221;full&#8221;][vc_row_inner][vc_column_inner][vc_media_grid grid_id=&#8221;vc_gid:1528361299437-741608f7-8e82-8&#8243; include=&#8221;508,509,523&#8243;][\/vc_column_inner][\/vc_row_inner][vc_separator][vc_column_text]<\/p>\n<h4>SURVIVOR THEMED GAMES<\/h4>\n<p>[\/vc_column_text][vc_separator][vc_column_text]These are the games and activities that can easily be performed outdoor in your corporate events or congresses which would make the participants feel the Survivor spirit. [\/vc_column_text][\/vc_column][\/vc_row][vc_row css=&#8221;.vc_custom_1522886162826{background-color: #f9f9f9 !important;}&#8221;][vc_column width=&#8221;1\/3&#8243;][vc_single_image image=&#8221;299&#8243; img_size=&#8221;full&#8221;][vc_media_grid grid_id=&#8221;vc_gid:1528361299438-b981673c-2191-9&#8243; include=&#8221;511,512,513&#8243;][vc_separator][vc_column_text]<\/p>\n<h4>SURVIVOR RACECOURSES<\/h4>\n<p>[\/vc_column_text][vc_separator][vc_column_text]These are the activities which can easily be performed outdoor with the Survivor excitement and include jumping, crawling, climbing and balance.<br \/>\n[\/vc_column_text][\/vc_column][vc_column width=&#8221;1\/3&#8243; css=&#8221;.vc_custom_1522886566357{background-color: #303030 !important;}&#8221;][vc_single_image image=&#8221;301&#8243; img_size=&#8221;full&#8221;][vc_media_grid grid_id=&#8221;vc_gid:1528361299439-49d33836-7901-10&#8243; include=&#8221;516,517,518&#8243;][vc_separator][vc_column_text]<\/p>\n<h4><span style=\"color: #ffffff;\">WATERBALL<\/span><\/h4>\n<p>[\/vc_column_text][vc_separator][vc_column_text]<span style=\"color: #ffffff;\">Waterball\u00a0olduk\u00e7a zevkli olan e\u011flence aktivite \u00fcr\u00fcnlerimizden bir tanesidir. Tamamen \u015feffaf olmas\u0131 nedeniyle su \u00fczerinde y\u00fcr\u00fcyormu\u015f hissi veren bir\u00a0\u015ei\u015fme oyundur.<\/span>[\/vc_column_text][\/vc_column][vc_column width=&#8221;1\/3&#8243;][vc_single_image image=&#8221;300&#8243; img_size=&#8221;full&#8221;][vc_media_grid grid_id=&#8221;vc_gid:1528361299440-074e7fcc-52bf-9&#8243; include=&#8221;519,520,525&#8243;][vc_column_text]<\/p>\n<h4>COMPANY OLYMPICS<\/h4>\n<p>[\/vc_column_text][vc_separator][vc_separator][vc_column_text]These are the indoor and outdoor activities that allow the participants to perform with high motivation, leadership and team spirit skills.<br \/>\n[\/vc_column_text][\/vc_column][\/vc_row][vc_row][vc_column width=&#8221;1\/4&#8243;][vc_column_text]<\/p>\n<h4>OFF ROAD<\/h4>\n<p>[\/vc_column_text][vc_separator][vc_separator][vc_column_text]Right before the game, the teams are informed about the technical and general properties of the vehicles. After this phase, at the testing lap the participants try to get experience by driving their vehicles. During the game, at the tough offroad lap the teams try to perform their best having fun and try to become a finalist.[\/vc_column_text][\/vc_column][vc_column width=&#8221;3\/4&#8243;][vc_media_grid grid_id=&#8221;vc_gid:1528361299441-d441d828-81c2-0&#8243; include=&#8221;553,554,555,556,557,558&#8243;][vc_separator][vc_column_text]The drive would take place in the rugged, bumpy roads which is known as offroad. The participants will arrive at the activity center after driving through the forests and rivers<\/p>\n<p>Right before the game, the teams are informed about the technical and general properties of the vehicles. After this phase, at the testing lap the participants try to get experience by driving their vehicles. During the game, at the tough offroad lap the teams try to perform their best having fun and try to become a finalist.<br \/>\n[\/vc_column_text][\/vc_column][\/vc_row][\/vc_section][vc_row][vc_column][vc_empty_space][\/vc_column][\/vc_row]<\/p>\n<\/div>","protected":false},"excerpt":{"rendered":"<p>[vc_section full_width=&#8221;stretch_row&#8221;][vc_row full_width=&#8221;stretch_row_content&#8221; equal_height=&#8221;yes&#8221; content_placement=&#8221;middle&#8221; css=&#8221;.vc_custom_1522887076419{background-color: #ffffff !important;}&#8221;][vc_column width=&#8221;1\/4&#8243; css=&#8221;.vc_custom_1522943549568{background: #92d822 url(http:\/\/uranostravel.com\/en\/wp-content\/uploads\/2018\/04\/BALL-IN-A-HOLL.jpg?id=64) !important;background-position: center !important;background-repeat: no-repeat !important;background-size: cover !important;}&#8221;][vc_empty_space height=&#8221;232px&#8221;][\/vc_column][vc_column&#8230;<\/p>\n","protected":false},"author":1,"featured_media":0,"parent":0,"menu_order":0,"comment_status":"closed","ping_status":"closed","template":"","meta":{"footnotes":""},"class_list":["post-285","page","type-page","status-publish"],"_links":{"self":[{"href":"http:\/\/uranostravel.com\/en\/wp-json\/wp\/v2\/pages\/285","targetHints":{"allow":["GET"]}}],"collection":[{"href":"http:\/\/uranostravel.com\/en\/wp-json\/wp\/v2\/pages"}],"about":[{"href":"http:\/\/uranostravel.com\/en\/wp-json\/wp\/v2\/types\/page"}],"author":[{"embeddable":true,"href":"http:\/\/uranostravel.com\/en\/wp-json\/wp\/v2\/users\/1"}],"replies":[{"embeddable":true,"href":"http:\/\/uranostravel.com\/en\/wp-json\/wp\/v2\/comments?post=285"}],"version-history":[{"count":8,"href":"http:\/\/uranostravel.com\/en\/wp-json\/wp\/v2\/pages\/285\/revisions"}],"predecessor-version":[{"id":689,"href":"http:\/\/uranostravel.com\/en\/wp-json\/wp\/v2\/pages\/285\/revisions\/689"}],"wp:attachment":[{"href":"http:\/\/uranostravel.com\/en\/wp-json\/wp\/v2\/media?parent=285"}],"curies":[{"name":"wp","href":"https:\/\/api.w.org\/{rel}","templated":true}]}}